{"id":518,"date":"2023-09-12T09:21:33","date_gmt":"2023-09-12T07:21:33","guid":{"rendered":"https:\/\/www.zahnarztpraxis-volken.ch\/?page_id=518"},"modified":"2023-09-12T09:49:09","modified_gmt":"2023-09-12T07:49:09","slug":"impressum","status":"publish","type":"page","link":"https:\/\/www.zahnarztpraxis-volken.ch\/index.php\/impressum\/","title":{"rendered":"Impressum"},"content":{"rendered":"\n<p><strong>Firmensitz<\/strong><br>Zahnarztpraxis Volken AG<br>med. dent. Michael Volken<br>Furkastrasse 3<br>3904 Naters<\/p>\n\n\n\n<p>+41275270445<br>info@zahnarztpraxis-volken.ch<\/p>\n\n\n\n<p><strong>Gesch\u00e4ftsf\u00fchrung<\/strong>: <br>med. dent. Michael Volken <\/p>\n\n\n\n<p>UID-Nummer: CHE411120768<br> <\/p>\n\n\n\n<p class=\"has-text-align-center\"> <a href=\"https:\/\/www.zahnarztpraxis-volken.ch\/index.php\/datenschutzerklaerung\/\" title=\"Datenschutzerkl\u00e4rung\">Datenschutzerkl\u00e4rung<\/a><\/p>\n","protected":false},"excerpt":{"rendered":"<p>FirmensitzZahnarztpraxis Volken AGmed. dent. Michael VolkenFurkastrasse 33904 Naters +41275270445info@zahnarztpraxis-volken.ch Gesch\u00e4ftsf\u00fchrung: med. dent. Michael Volken UID-Nummer: CHE411120768 Datenschutzerkl\u00e4rung<\/p>\n","protected":false},"author":2,"featured_media":0,"parent":0,"menu_order":0,"comment_status":"closed","ping_status":"closed","template":"","meta":{"_mi_skip_tracking":false,"site-sidebar-layout":"default","site-content-layout":"default","ast-global-header-display":"","ast-main-header-display":"","ast-hfb-above-header-display":"","ast-hfb-below-header-display":"","ast-hfb-mobile-header-display":"","site-post-title":"","ast-breadcrumbs-content":"","ast-featured-img":"","footer-sml-layout":"","theme-transparent-header-meta":"","adv-header-id-meta":"","stick-header-meta":"","header-above-stick-meta":"","header-main-stick-meta":"","header-below-stick-meta":"","footnotes":""},"class_list":["post-518","page","type-page","status-publish","hentry"],"aioseo_notices":[],"_links":{"self":[{"href":"https:\/\/www.zahnarztpraxis-volken.ch\/index.php\/wp-json\/wp\/v2\/pages\/518","targetHints":{"allow":["GET"]}}],"collection":[{"href":"https:\/\/www.zahnarztpraxis-volken.ch\/index.php\/wp-json\/wp\/v2\/pages"}],"about":[{"href":"https:\/\/www.zahnarztpraxis-volken.ch\/index.php\/wp-json\/wp\/v2\/types\/page"}],"author":[{"embeddable":true,"href":"https:\/\/www.zahnarztpraxis-volken.ch\/index.php\/wp-json\/wp\/v2\/users\/2"}],"replies":[{"embeddable":true,"href":"https:\/\/www.zahnarztpraxis-volken.ch\/index.php\/wp-json\/wp\/v2\/comments?post=518"}],"version-history":[{"count":2,"href":"https:\/\/www.zahnarztpraxis-volken.ch\/index.php\/wp-json\/wp\/v2\/pages\/518\/revisions"}],"predecessor-version":[{"id":541,"href":"https:\/\/www.zahnarztpraxis-volken.ch\/index.php\/wp-json\/wp\/v2\/pages\/518\/revisions\/541"}],"wp:attachment":[{"href":"https:\/\/www.zahnarztpraxis-volken.ch\/index.php\/wp-json\/wp\/v2\/media?parent=518"}],"curies":[{"name":"wp","href":"https:\/\/api.w.org\/{rel}","templated":true}]}}